{"id":496,"date":"2022-05-17T19:29:24","date_gmt":"2022-05-17T22:29:24","guid":{"rendered":"http:\/\/sobrefisicaeflores.com.br\/?page_id=496"},"modified":"2022-10-11T15:41:41","modified_gmt":"2022-10-11T18:41:41","slug":"seguindo-o-coelho-branco","status":"publish","type":"page","link":"http:\/\/sobrefisicaeflores.com.br\/?page_id=496","title":{"rendered":"SEGUINDO O COELHINHO&#8230;"},"content":{"rendered":"\n<blockquote class=\"wp-block-quote has-text-align-right has-small-font-size\"><p><em>\u2014&nbsp; Aonde fica a sa\u00edda? perguntou Alice ao gato, que ria. <\/em><\/p><p><em>\u2014&nbsp; Depende. Respondeu o gato.<\/em><\/p><p><em>\u2014&nbsp; De qu\u00ea? replicou Alice.<\/em><\/p><p><em>\u2014&nbsp; Depende de para onde voc\u00ea quer ir.<\/em><\/p><p>(Lewis Carroll, Alice no Pa\u00eds das Maravilhas)<\/p><\/blockquote>\n\n\n\n<p>Quem assistiu ao filme Matrix (1999), deve se lembrar que, nele, o protagonista Neo segue o conselho de ir atr\u00e1s do coelho, tatuado no ombro da personagem Trinity, para encontrar os rebeldes que querem acabar com a Matrix, um c\u00f3digo computacional que controla a mente das pessoas, criando um mundo virtual, para domin\u00e1-las (dito, assim, bem resumidamente&#8230;). <\/p>\n\n\n\n<p>Eu quis usar essa analogia no caminho para este canto escondido do site Sobre F\u00edsica e Flores, porque aqui vou relatar resultados dos meus estudos que mostram al\u00e9m da realidade humana como a conhecemos, como nos foi contada e mesmo imposta. Ou seja, o conhecimento que derruba os c\u00f3digos da Matrix na qual nossa humanidade est\u00e1 inserida. <\/p>\n\n\n\n<p>Se voc\u00ea ficou curioso e\/ou compartilha da mesma busca que eu, seja bem vindo. Esses s\u00e3o alguns dos assuntos que abordo aqui: <\/p>\n\n\n\n<ul><li>A origem dos seres <\/li><\/ul>\n\n\n\n<ul><li>Vida ap\u00f3s a morte e o mundo espiritual<\/li><\/ul>\n\n\n\n<ul><li>Projetos planet\u00e1rios<\/li><\/ul>\n\n\n\n<ul><li>Extraterrestres<\/li><\/ul>\n\n\n\n<p>Neste momento pode ser que surja, em sua mente, uma pergunta que queira me fazer: <em>Mas voc\u00ea \u00e9 uma cientista, conhece equa\u00e7\u00f5es matem\u00e1ticas e leis da f\u00edsica que explicam o funcionamento do nosso universo, n\u00e3o devia acreditar em &#8220;misticismo&#8221;<\/em>. <\/p>\n\n\n\n<p>Se for assim, j\u00e1 deixo minha resposta aqui: \u00e9 justamente por conhecer essas equa\u00e7\u00f5es, que entendo que existem muitas outras que ainda n\u00e3o foram sequer pensadas ou escritas, que muita coisa ainda n\u00e3o conhecemos ou n\u00e3o entendemos, que nossa vis\u00e3o da realidade \u00e9 cerceada por nossa vis\u00e3o tridimensional e nosso pensamento fechado em um pequeno c\u00e9rebro biol\u00f3gico. E, por falar em f\u00edsica, voc\u00ea conhece a segunda lei da termodin\u00e2mica? aquela que fala da <a href=\"http:\/\/sobrefisicaeflores.com.br\/?page_id=194\" data-type=\"URL\" data-id=\"http:\/\/sobrefisicaeflores.com.br\/?page_id=194\">entropia<\/a>? Pois bem, de acordo com essa lei, \u00e9 imposs\u00edvel que algo t\u00e3o complexo como o corpo humano (ou outro animal), tenha surgido, se mantido e evolu\u00eddo espontaneamente, como prev\u00ea a teoria da evolu\u00e7\u00e3o das esp\u00e9cies. A possibilidade disso ter acontecido \u00e9 semelhante \u00e0 probabilidade de um carro (ou outra m\u00e1quina) ter tamb\u00e9m surgido e evolu\u00eddo espontaneamente. Sim, isso mesmo, pois estamos falando de duas m\u00e1quinas, ambas com muitos sistemas complexos, ambas formadas de \u00e1tomos de elementos qu\u00edmicos encontrados na natureza. A energia necess\u00e1ria para manter esses sistemas espontaneamente criados, unidos e em funcionamento, seria infinita.<\/p>\n\n\n\n<p>A busca por respostas se baseia em estudo. Busco informa\u00e7\u00f5es n\u00e3o s\u00f3 sobre f\u00edsica, mas tamb\u00e9m sobre filosofia e espiritualidade, e vejo as pe\u00e7as se encaixando como em um quebra cabe\u00e7as, fazendo muito mais sentido, para mim, do que o que contam os livros de Hist\u00f3ria e textos religiosos e achados arqueol\u00f3gicos mal interpretados. Felizmente, muita gente est\u00e1 despertando e tentando se desvencilhar dessa teia de mentiras e oculta\u00e7\u00f5es da verdade. E a facilidade de comunica\u00e7\u00e3o e divulga\u00e7\u00e3o de informa\u00e7\u00f5es dos tempos atuais, permite que esse despertar avance mais depressa e atinja mais pessoas. Porque \u00e9 preciso que assim seja.<\/p>\n\n\n\n<p class=\"has-text-align-left has-small-font-size\">Se quiser consultar as minhas fontes bibliogr\u00e1ficas, vou deixar tudo aqui. \u00c9 uma lista que s\u00f3 aumenta!!<\/p>\n\n\n\n<h2>1. Quem nasceu primeiro, o ovo ou a galinha?<\/h2>\n\n\n\n<p>Em breve.<\/p>\n\n\n\n<h2>2. O final da aventura humana na Terra<\/h2>\n\n\n\n<p>Em breve.<\/p>\n\n\n\n<h2>3. Sobre alguns eventos citados na B\u00edblia<\/h2>\n\n\n\n<p>a) O grande dil\u00favio e a arca de No\u00e9<\/p>\n\n\n\n<p>b) A expuls\u00e3o do Para\u00edso<\/p>\n\n\n\n<p>c) O apocalipse<\/p>\n\n\n\n<p>Em breve.<\/p>\n\n\n\n<h2>4. Proje\u00e7\u00e3o Astral<\/h2>\n\n\n\n<p>Em breve.<\/p>\n\n\n\n<h2>5. A interven\u00e7\u00e3o extraterrestre<\/h2>\n\n\n\n<p>Em breve.<\/p>\n\n\n\n<h2>6. Avatares<\/h2>\n\n\n\n<p>Em breve.<\/p>\n","protected":false},"excerpt":{"rendered":"<p>\u2014&nbsp; Aonde fica a sa\u00edda? perguntou Alice ao gato, que ria. \u2014&nbsp; Depende. Respondeu o gato. \u2014&nbsp; De qu\u00ea? replicou Alice. \u2014&nbsp; Depende de para onde voc\u00ea quer ir. (Lewis Carroll, Alice no Pa\u00eds das Maravilhas) Quem assistiu ao filme Matrix (1999), deve se lembrar que, nele, o protagonista Neo segue o conselho de ir atr\u00e1s do coelho, tatuado no ombro da personagem Trinity, para encontrar os rebeldes que querem acabar com a Matrix, um c\u00f3digo computacional que controla a&#8230;<\/p>\n<p class=\"read-more\"><a class=\"btn btn-default\" href=\"http:\/\/sobrefisicaeflores.com.br\/?page_id=496\"> Read More<span class=\"screen-reader-text\">  Read More<\/span><\/a><\/p>\n","protected":false},"author":2,"featured_media":0,"parent":0,"menu_order":0,"comment_status":"closed","ping_status":"closed","template":"","meta":[],"_links":{"self":[{"href":"http:\/\/sobrefisicaeflores.com.br\/index.php?rest_route=\/wp\/v2\/pages\/496"}],"collection":[{"href":"http:\/\/sobrefisicaeflores.com.br\/index.php?rest_route=\/wp\/v2\/pages"}],"about":[{"href":"http:\/\/sobrefisicaeflores.com.br\/index.php?rest_route=\/wp\/v2\/types\/page"}],"author":[{"embeddable":true,"href":"http:\/\/sobrefisicaeflores.com.br\/index.php?rest_route=\/wp\/v2\/users\/2"}],"replies":[{"embeddable":true,"href":"http:\/\/sobrefisicaeflores.com.br\/index.php?rest_route=%2Fwp%2Fv2%2Fcomments&post=496"}],"version-history":[{"count":10,"href":"http:\/\/sobrefisicaeflores.com.br\/index.php?rest_route=\/wp\/v2\/pages\/496\/revisions"}],"predecessor-version":[{"id":519,"href":"http:\/\/sobrefisicaeflores.com.br\/index.php?rest_route=\/wp\/v2\/pages\/496\/revisions\/519"}],"wp:attachment":[{"href":"http:\/\/sobrefisicaeflores.com.br\/index.php?rest_route=%2Fwp%2Fv2%2Fmedia&parent=496"}],"curies":[{"name":"wp","href":"https:\/\/api.w.org\/{rel}","templated":true}]}}