{"id":269,"date":"2016-10-06T21:52:45","date_gmt":"2016-10-07T00:52:45","guid":{"rendered":"http:\/\/sobrefisicaeflores.com.br\/?page_id=269"},"modified":"2016-10-06T21:52:45","modified_gmt":"2016-10-07T00:52:45","slug":"o","status":"publish","type":"page","link":"http:\/\/sobrefisicaeflores.com.br\/?page_id=269","title":{"rendered":"O"},"content":{"rendered":"<p><strong><em>Ondas<\/em><\/strong><\/p>\n<p style=\"padding-left: 30px;\">\u00c9 uma perturba\u00e7\u00e3o (vibra\u00e7\u00e3o) em um meio material, causada pela passagem de certa\u00a0forma de energia que se propaga por movimento ondulat\u00f3rio.<\/p>\n<p style=\"padding-left: 30px;\">Exemplos disso s\u00e3o o som\u00a0e\u00a0as ondas eletromagn\u00e9ticas (luz vis\u00edvel, infravermelho, ultravioleta, microondas etc).<\/p>\n<p style=\"padding-left: 30px;\">As ondas podem ser classificadas em:<\/p>\n<ul>\n<li style=\"padding-left: 30px;\">longitudinais: ondas desse tipo se propagam na mesma dire\u00e7\u00e3o da transfer\u00eancia de energia; o som se comporta desta forma.<\/li>\n<li style=\"padding-left: 30px;\">transversais: as ondas deste tipo se propagam perpendicularmente \u00e0 transfer\u00eancia de energia, como as ondas eletromagn\u00e9ticas.<\/li>\n<\/ul>\n<p style=\"padding-left: 30px;\">Na figura abaixo est\u00e3o representados os elementos de uma onda:<\/p>\n<p style=\"padding-left: 30px;\"><a href=\"http:\/\/sobrefisicaeflores.com.br\/wp-content\/uploads\/2016\/10\/onda-blog-1.jpg\"><img loading=\"lazy\" class=\"alignnone wp-image-274 aligncenter\" src=\"http:\/\/sobrefisicaeflores.com.br\/wp-content\/uploads\/2016\/10\/onda-blog-1-300x197.jpg\" alt=\"onda-blog\" width=\"454\" height=\"298\" srcset=\"http:\/\/sobrefisicaeflores.com.br\/wp-content\/uploads\/2016\/10\/onda-blog-1-300x197.jpg 300w, http:\/\/sobrefisicaeflores.com.br\/wp-content\/uploads\/2016\/10\/onda-blog-1-411x270.jpg 411w, http:\/\/sobrefisicaeflores.com.br\/wp-content\/uploads\/2016\/10\/onda-blog-1.jpg 681w\" sizes=\"(max-width: 454px) 100vw, 454px\" \/><\/a><\/p>\n<p style=\"padding-left: 30px;\">\u00a0Com base nestes elementos, podemos definir as caracter\u00edsticas das ondas: frequ\u00eancia, per\u00edodo e velocidade.<\/p>\n<ul>\n<li style=\"padding-left: 30px;\">a frequ\u00eancia f \u00e9 o n\u00famero de ciclos completos de uma onda por unidade de tempo; sua unidade \u00e9 o hertz (Hz),\u00e9 igual ao n\u00famero de ciclos por segundo.<\/li>\n<li style=\"padding-left: 30px;\">o per\u00edodo T \u00e9 o tempo para a ocorr\u00eancia de um ciclo completo de uma onda: T = 1\/f<\/li>\n<li style=\"padding-left: 30px;\">a velocidade v de uma onda \u00e9 dada por: v = f.\u03bb ou v =\u00a0\u03bb\/T<\/li>\n<\/ul>\n<p style=\"padding-left: 30px;\">\u00a0Quando uma onda, se propagando por um meio, alcan\u00e7a a interface com um segundo meio podem ocorrer tr\u00eas efeitos:<\/p>\n<ol>\n<li style=\"padding-left: 30px;\">reflex\u00e3o: ao incidir sobre o segundo meio, a onda retorna para ao primeiro.<\/li>\n<li style=\"padding-left: 30px;\">refra\u00e7\u00e3o: a onda incidente passa para o segundo meio, geralmente com mudan\u00e7a de dire\u00e7\u00e3o.<\/li>\n<li style=\"padding-left: 30px;\">absor\u00e7\u00e3o: a onda perde sua energia, transferindo-a para o segundo meio (geralmente na forma de calor).<\/li>\n<\/ol>\n","protected":false},"excerpt":{"rendered":"<p>Ondas \u00c9 uma perturba\u00e7\u00e3o (vibra\u00e7\u00e3o) em um meio material, causada pela passagem de certa\u00a0forma de energia que se propaga por movimento ondulat\u00f3rio. Exemplos disso s\u00e3o o som\u00a0e\u00a0as ondas eletromagn\u00e9ticas (luz vis\u00edvel, infravermelho, ultravioleta, microondas etc). As ondas podem ser classificadas em: longitudinais: ondas desse tipo se propagam na mesma dire\u00e7\u00e3o da transfer\u00eancia de energia; o som se comporta desta forma. transversais: as ondas deste tipo se propagam perpendicularmente \u00e0 transfer\u00eancia de energia, como as ondas eletromagn\u00e9ticas. Na figura abaixo est\u00e3o&#8230;<\/p>\n<p class=\"read-more\"><a class=\"btn btn-default\" href=\"http:\/\/sobrefisicaeflores.com.br\/?page_id=269\"> Read More<span class=\"screen-reader-text\">  Read More<\/span><\/a><\/p>\n","protected":false},"author":2,"featured_media":0,"parent":0,"menu_order":0,"comment_status":"closed","ping_status":"closed","template":"","meta":[],"_links":{"self":[{"href":"http:\/\/sobrefisicaeflores.com.br\/index.php?rest_route=\/wp\/v2\/pages\/269"}],"collection":[{"href":"http:\/\/sobrefisicaeflores.com.br\/index.php?rest_route=\/wp\/v2\/pages"}],"about":[{"href":"http:\/\/sobrefisicaeflores.com.br\/index.php?rest_route=\/wp\/v2\/types\/page"}],"author":[{"embeddable":true,"href":"http:\/\/sobrefisicaeflores.com.br\/index.php?rest_route=\/wp\/v2\/users\/2"}],"replies":[{"embeddable":true,"href":"http:\/\/sobrefisicaeflores.com.br\/index.php?rest_route=%2Fwp%2Fv2%2Fcomments&post=269"}],"version-history":[{"count":6,"href":"http:\/\/sobrefisicaeflores.com.br\/index.php?rest_route=\/wp\/v2\/pages\/269\/revisions"}],"predecessor-version":[{"id":279,"href":"http:\/\/sobrefisicaeflores.com.br\/index.php?rest_route=\/wp\/v2\/pages\/269\/revisions\/279"}],"wp:attachment":[{"href":"http:\/\/sobrefisicaeflores.com.br\/index.php?rest_route=%2Fwp%2Fv2%2Fmedia&parent=269"}],"curies":[{"name":"wp","href":"https:\/\/api.w.org\/{rel}","templated":true}]}}