{"id":256,"date":"2016-10-04T19:06:02","date_gmt":"2016-10-04T22:06:02","guid":{"rendered":"http:\/\/sobrefisicaeflores.com.br\/?page_id=256"},"modified":"2016-11-09T19:43:35","modified_gmt":"2016-11-09T21:43:35","slug":"c","status":"publish","type":"page","link":"http:\/\/sobrefisicaeflores.com.br\/?page_id=256","title":{"rendered":"C"},"content":{"rendered":"<p><em><strong>Campo magn\u00e9tico<\/strong><\/em><\/p>\n<p style=\"padding-left: 30px;\">Regi\u00e3o de atua\u00e7\u00e3o da\u00a0for\u00e7a magn\u00e9tica.<\/p>\n<p style=\"padding-left: 30px;\">O campo de for\u00e7as, que circunda um p\u00f3lo magn\u00e9tico ou um condutor percorrido por corrente el\u00e9trica, no qual exista um fluxo magn\u00e9tico.<\/p>\n<p>&nbsp;<\/p>\n<p><em><strong>Constante de decaimento (s\u00edmbolo:\u00a0\u03bb)<\/strong><\/em><\/p>\n<p style=\"padding-left: 30px;\">\u00c9 a probabilidade, por unidade de tempo, de ocorrer um decaimento radioativo em um n\u00facleo inst\u00e1vel.<\/p>\n","protected":false},"excerpt":{"rendered":"<p>Campo magn\u00e9tico Regi\u00e3o de atua\u00e7\u00e3o da\u00a0for\u00e7a magn\u00e9tica. O campo de for\u00e7as, que circunda um p\u00f3lo magn\u00e9tico ou um condutor percorrido por corrente el\u00e9trica, no qual exista um fluxo magn\u00e9tico. &nbsp; Constante de decaimento (s\u00edmbolo:\u00a0\u03bb) \u00c9 a probabilidade, por unidade de tempo, de ocorrer um decaimento radioativo em um n\u00facleo inst\u00e1vel.<\/p>\n","protected":false},"author":2,"featured_media":0,"parent":0,"menu_order":0,"comment_status":"closed","ping_status":"closed","template":"","meta":[],"_links":{"self":[{"href":"http:\/\/sobrefisicaeflores.com.br\/index.php?rest_route=\/wp\/v2\/pages\/256"}],"collection":[{"href":"http:\/\/sobrefisicaeflores.com.br\/index.php?rest_route=\/wp\/v2\/pages"}],"about":[{"href":"http:\/\/sobrefisicaeflores.com.br\/index.php?rest_route=\/wp\/v2\/types\/page"}],"author":[{"embeddable":true,"href":"http:\/\/sobrefisicaeflores.com.br\/index.php?rest_route=\/wp\/v2\/users\/2"}],"replies":[{"embeddable":true,"href":"http:\/\/sobrefisicaeflores.com.br\/index.php?rest_route=%2Fwp%2Fv2%2Fcomments&post=256"}],"version-history":[{"count":6,"href":"http:\/\/sobrefisicaeflores.com.br\/index.php?rest_route=\/wp\/v2\/pages\/256\/revisions"}],"predecessor-version":[{"id":365,"href":"http:\/\/sobrefisicaeflores.com.br\/index.php?rest_route=\/wp\/v2\/pages\/256\/revisions\/365"}],"wp:attachment":[{"href":"http:\/\/sobrefisicaeflores.com.br\/index.php?rest_route=%2Fwp%2Fv2%2Fmedia&parent=256"}],"curies":[{"name":"wp","href":"https:\/\/api.w.org\/{rel}","templated":true}]}}