{"id":194,"date":"2016-10-04T19:05:28","date_gmt":"2016-10-04T22:05:28","guid":{"rendered":"http:\/\/sobrefisicaeflores.com.br\/?page_id=194"},"modified":"2022-05-17T18:42:09","modified_gmt":"2022-05-17T21:42:09","slug":"e","status":"publish","type":"page","link":"http:\/\/sobrefisicaeflores.com.br\/?page_id=194","title":{"rendered":"E"},"content":{"rendered":"<p><strong><em>Efeito Doppler<\/em>\u00a0<\/strong><\/p>\n<p style=\"padding-left: 30px;\">\u00c9 a mudan\u00e7a na frequ\u00eancia aparente de uma fonte de ondas (como o som, a luz, ou qualquer outro movimento ondulat\u00f3rio) devido ao movimento relativo entre a fonte e o observador.<\/p>\n<p><strong><em>Entropia<\/em><\/strong><\/p>\n<p style=\"padding-left: 30px;\">\u00c9 a medida da falta de energia \u00fatil dispon\u00edvel em um sistema para que este realiza trabalho.<\/p>\n<p style=\"padding-left: 30px;\">Tamb\u00e9m definida como a medida da varia\u00e7\u00e3o ou desordem de um sistema.<\/p>\n<p style=\"padding-left: 30px;\">\u00c9 uma grandeza termodin\u00e2mica associada \u00e0 irreversibilidade dos estados de um sistema f\u00edsico. Na verdade, a varia\u00e7\u00e3o de entropia \u00e9 que tem real significado.<\/p>\n","protected":false},"excerpt":{"rendered":"<p>Efeito Doppler\u00a0 \u00c9 a mudan\u00e7a na frequ\u00eancia aparente de uma fonte de ondas (como o som, a luz, ou qualquer outro movimento ondulat\u00f3rio) devido ao movimento relativo entre a fonte e o observador. Entropia \u00c9 a medida da falta de energia \u00fatil dispon\u00edvel em um sistema para que este realiza trabalho. Tamb\u00e9m definida como a medida da varia\u00e7\u00e3o ou desordem de um sistema. \u00c9 uma grandeza termodin\u00e2mica associada \u00e0 irreversibilidade dos estados de um sistema f\u00edsico. Na verdade, a varia\u00e7\u00e3o&#8230;<\/p>\n<p class=\"read-more\"><a class=\"btn btn-default\" href=\"http:\/\/sobrefisicaeflores.com.br\/?page_id=194\"> Read More<span class=\"screen-reader-text\">  Read More<\/span><\/a><\/p>\n","protected":false},"author":2,"featured_media":0,"parent":0,"menu_order":0,"comment_status":"closed","ping_status":"closed","template":"","meta":[],"_links":{"self":[{"href":"http:\/\/sobrefisicaeflores.com.br\/index.php?rest_route=\/wp\/v2\/pages\/194"}],"collection":[{"href":"http:\/\/sobrefisicaeflores.com.br\/index.php?rest_route=\/wp\/v2\/pages"}],"about":[{"href":"http:\/\/sobrefisicaeflores.com.br\/index.php?rest_route=\/wp\/v2\/types\/page"}],"author":[{"embeddable":true,"href":"http:\/\/sobrefisicaeflores.com.br\/index.php?rest_route=\/wp\/v2\/users\/2"}],"replies":[{"embeddable":true,"href":"http:\/\/sobrefisicaeflores.com.br\/index.php?rest_route=%2Fwp%2Fv2%2Fcomments&post=194"}],"version-history":[{"count":6,"href":"http:\/\/sobrefisicaeflores.com.br\/index.php?rest_route=\/wp\/v2\/pages\/194\/revisions"}],"predecessor-version":[{"id":506,"href":"http:\/\/sobrefisicaeflores.com.br\/index.php?rest_route=\/wp\/v2\/pages\/194\/revisions\/506"}],"wp:attachment":[{"href":"http:\/\/sobrefisicaeflores.com.br\/index.php?rest_route=%2Fwp%2Fv2%2Fmedia&parent=194"}],"curies":[{"name":"wp","href":"https:\/\/api.w.org\/{rel}","templated":true}]}}