{"id":157,"date":"2016-09-14T19:36:33","date_gmt":"2016-09-14T22:36:33","guid":{"rendered":"http:\/\/sobrefisicaeflores.com.br\/?page_id=157"},"modified":"2016-09-14T19:52:28","modified_gmt":"2016-09-14T22:52:28","slug":"letra-l","status":"publish","type":"page","link":"http:\/\/sobrefisicaeflores.com.br\/?page_id=157","title":{"rendered":"L"},"content":{"rendered":"<p style=\"text-align: left;\"><em><strong>Laser\u00a0<\/strong><\/em>(<strong>l<\/strong>ight <strong>a<\/strong>mplification by <strong>s<\/strong>timulated <strong>e<\/strong>mission of <strong>r<\/strong>adiation = amplifica\u00e7\u00e3o da luz pela emiss\u00e3o estimulada de radia\u00e7\u00e3o)<\/p>\n<p style=\"padding-left: 30px;\">Uma fonte de ondas eletromagn\u00e9ticas\u00a0monocrom\u00e1tica (feixe de ondas com mesmo comprimento de onda) e coerente (todas as ondas est\u00e3o em fase) na regi\u00e3o vis\u00edvel, ultravioleta e infravermelho do espectro eletromagn\u00e9tico. O feixe produzido \u00e9 estreito e surge\u00a0quase perfeitamente colimado (feixe de ondas praticamente paralelas). Consequentemente, feixes de laser podem ser muito finos e sua energia pode atingir valores extremamente altos, sendo que muitas de suas aplica\u00e7\u00f5es dependem disso.<\/p>\n<p style=\"padding-left: 30px;\">A produ\u00e7\u00e3o do feixe de laser depende da emiss\u00e3o estimulada. A emiss\u00e3o de f\u00f3tons que ocorre a partir da excita\u00e7\u00e3o de el\u00e9trons em um sistema \u00e9 geralmente espont\u00e2nea e n\u00e3o pode ser controlada. A emiss\u00e3o estimulada \u00e9 um processo por meio do qual um f\u00f3ton que chega com energia h\u03bd (onde h \u00e9 a constante de Planck e\u00a0\u03bd \u00e9 a frequ\u00eancia) pode estimular um el\u00e9tron em estado de\u00a0alta energia E1 a pular para um estado de menor energia E2, onde E2-E1=h\u03bd. O f\u00f3ton resultante deste processo tem a mesma frequ\u00eancia \u03bd\u00a0que o f\u00f3ton inicial e se propaga\u00a0na mesma dire\u00e7\u00e3o. Se houverem el\u00e9trons suficientes no n\u00edvel de alta energia, ambos os f\u00f3tons, inicial e final, podem causar mais emiss\u00f5es estimuladas e um estreito feixe de radia\u00e7\u00e3o monocrom\u00e1tica resultante, com sua intensidade crescendo exponencialmente. O feixe ser\u00e1 coerente e ter\u00e1\u00a0uma alta densidade de energia.<\/p>\n<p>&nbsp;<\/p>\n","protected":false},"excerpt":{"rendered":"<p>Laser\u00a0(light amplification by stimulated emission of radiation = amplifica\u00e7\u00e3o da luz pela emiss\u00e3o estimulada de radia\u00e7\u00e3o) Uma fonte de ondas eletromagn\u00e9ticas\u00a0monocrom\u00e1tica (feixe de ondas com mesmo comprimento de onda) e coerente (todas as ondas est\u00e3o em fase) na regi\u00e3o vis\u00edvel, ultravioleta e infravermelho do espectro eletromagn\u00e9tico. O feixe produzido \u00e9 estreito e surge\u00a0quase perfeitamente colimado (feixe de ondas praticamente paralelas). Consequentemente, feixes de laser podem ser muito finos e sua energia pode atingir valores extremamente altos, sendo que muitas de&#8230;<\/p>\n<p class=\"read-more\"><a class=\"btn btn-default\" href=\"http:\/\/sobrefisicaeflores.com.br\/?page_id=157\"> Read More<span class=\"screen-reader-text\">  Read More<\/span><\/a><\/p>\n","protected":false},"author":2,"featured_media":0,"parent":0,"menu_order":0,"comment_status":"closed","ping_status":"closed","template":"","meta":[],"_links":{"self":[{"href":"http:\/\/sobrefisicaeflores.com.br\/index.php?rest_route=\/wp\/v2\/pages\/157"}],"collection":[{"href":"http:\/\/sobrefisicaeflores.com.br\/index.php?rest_route=\/wp\/v2\/pages"}],"about":[{"href":"http:\/\/sobrefisicaeflores.com.br\/index.php?rest_route=\/wp\/v2\/types\/page"}],"author":[{"embeddable":true,"href":"http:\/\/sobrefisicaeflores.com.br\/index.php?rest_route=\/wp\/v2\/users\/2"}],"replies":[{"embeddable":true,"href":"http:\/\/sobrefisicaeflores.com.br\/index.php?rest_route=%2Fwp%2Fv2%2Fcomments&post=157"}],"version-history":[{"count":9,"href":"http:\/\/sobrefisicaeflores.com.br\/index.php?rest_route=\/wp\/v2\/pages\/157\/revisions"}],"predecessor-version":[{"id":172,"href":"http:\/\/sobrefisicaeflores.com.br\/index.php?rest_route=\/wp\/v2\/pages\/157\/revisions\/172"}],"wp:attachment":[{"href":"http:\/\/sobrefisicaeflores.com.br\/index.php?rest_route=%2Fwp%2Fv2%2Fmedia&parent=157"}],"curies":[{"name":"wp","href":"https:\/\/api.w.org\/{rel}","templated":true}]}}